{"id":2122,"date":"2023-07-11T14:13:02","date_gmt":"2023-07-11T12:13:02","guid":{"rendered":"https:\/\/wwwww.blumi.photo\/home\/"},"modified":"2025-09-15T14:19:31","modified_gmt":"2025-09-15T12:19:31","slug":"home","status":"publish","type":"page","link":"https:\/\/picted.it\/p\/onlineobraz\/","title":{"rendered":"Home"},"content":{"rendered":"<p>[et_pb_section fb_built=&#8220;1&#8243; _builder_version=&#8220;4.23&#8243; _module_preset=&#8220;default&#8220; background_image=&#8220;https:\/\/picted.it\/p\/onlineobraz\/wp-content\/uploads\/2023\/11\/background-scaled.webp&#8220; min_height=&#8220;900px&#8220; da_disable_devices=&#8220;off|off|off&#8220; global_colors_info=&#8220;{}&#8220; da_is_popup=&#8220;off&#8220; da_exit_intent=&#8220;off&#8220; da_has_close=&#8220;on&#8220; da_alt_close=&#8220;off&#8220; da_dark_close=&#8220;off&#8220; da_not_modal=&#8220;on&#8220; da_is_singular=&#8220;off&#8220; da_with_loader=&#8220;off&#8220; da_has_shadow=&#8220;on&#8220;][et_pb_row _builder_version=&#8220;4.27.2&#8243; _module_preset=&#8220;default&#8220; background_color=&#8220;#ffd800&#8243; custom_margin=&#8220;-53px|auto||auto||&#8220; custom_padding=&#8220;10px||3px|||&#8220; hover_enabled=&#8220;0&#8243; global_colors_info=&#8220;{}&#8220; disabled_on=&#8220;on|on|on&#8220; disabled=&#8220;on&#8220; sticky_enabled=&#8220;0&#8243;][et_pb_column type=&#8220;4_4&#8243; _builder_version=&#8220;4.16&#8243; _module_preset=&#8220;default&#8220; custom_padding=&#8220;|||&#8220; global_colors_info=&#8220;{}&#8220; custom_padding__hover=&#8220;|||&#8220;][et_pb_text _builder_version=&#8220;4.27.2&#8243; _module_preset=&#8220;_initial&#8220; text_text_color=&#8220;#012639&#8243; global_colors_info=&#8220;{}&#8220;]<\/p>\n<p style=\"text-align: center;\"><strong>Inform\u00e1cia o doru\u010den\u00ed do Vianoc.<\/strong><\/p>\n<p style=\"text-align: center;\"><span>Pre objedn\u00e1vky prijat\u00e9 a uhraden\u00e9 <strong>do 06.12.2024 garantujeme doru\u010denie do Vianoc<\/strong>.\u00a0<\/span><\/p>\n<p style=\"text-align: center;\">Po tomto term\u00edne budeme objedn\u00e1vky expedova\u0165 do 19.12.2024, ale negarantujeme doru\u010denie do Vianoc.<\/p>\n<p>[\/et_pb_text][\/et_pb_column][\/et_pb_row][et_pb_row column_structure=&#8220;1_3,1_3,1_3&#8243; use_custom_gutter=&#8220;on&#8220; gutter_width=&#8220;2&#8243; make_equal=&#8220;on&#8220; custom_padding_last_edited=&#8220;on|phone&#8220; _builder_version=&#8220;4.23&#8243; _module_preset=&#8220;default&#8220; width=&#8220;92%&#8220; max_width=&#8220;1300px&#8220; custom_padding=&#8220;100px||100px||true|false&#8220; custom_padding_tablet=&#8220;100px||100px||true|false&#8220; custom_padding_phone=&#8220;0px||0px||true|false&#8220; global_colors_info=&#8220;{}&#8220;][et_pb_column type=&#8220;1_3&#8243; _builder_version=&#8220;4.22.2&#8243; _module_preset=&#8220;default&#8220; global_colors_info=&#8220;{}&#8220;][et_pb_blurb title=&#8220;Fotoknihy&#8220; url=&#8220;https:\/\/editor.picted.it\/sk\/onlineobraz\/fotoknihy\/size?afp=onlineobraz&#8220; url_new_window=&#8220;on&#8220; image=&#8220;https:\/\/picted.it\/p\/onlineobraz\/wp-content\/uploads\/2023\/11\/onlineobraz-fotoknihy-hp-scaled.webp&#8220; _builder_version=&#8220;4.23&#8243; _module_preset=&#8220;default&#8220; header_font=&#8220;|600|||||||&#8220; header_text_align=&#8220;center&#8220; header_font_size=&#8220;36px&#8220; body_font_size=&#8220;16px&#8220; background_color=&#8220;rgba(255,255,255,0.62)&#8220; custom_margin=&#8220;||||false|false&#8220; custom_padding=&#8220;20px|20px|20px|20px|true|true&#8220; animation=&#8220;off&#8220; border_color_all=&#8220;#8A0C2F&#8220; box_shadow_style=&#8220;preset1&#8243; global_colors_info=&#8220;{}&#8220; transform_styles__hover_enabled=&#8220;on|hover&#8220; transform_scale__hover_enabled=&#8220;on|hover&#8220; transform_translate__hover_enabled=&#8220;on|desktop&#8220; transform_rotate__hover_enabled=&#8220;on|desktop&#8220; transform_skew__hover_enabled=&#8220;on|desktop&#8220; transform_origin__hover_enabled=&#8220;on|desktop&#8220; transform_scale__hover=&#8220;103%|103%&#8220; border_color_all__hover_enabled=&#8220;off|hover&#8220; border_color_all__hover=&#8220;RGBA(255,255,255,0)&#8220; border_width_all__hover_enabled=&#8220;on|hover&#8220; border_width_all__hover=&#8220;2px&#8220;][\/et_pb_blurb][\/et_pb_column][et_pb_column type=&#8220;1_3&#8243; _builder_version=&#8220;4.22.2&#8243; _module_preset=&#8220;default&#8220; global_colors_info=&#8220;{}&#8220;][et_pb_blurb title=&#8220;Fotokalend\u00e1re&#8220; url=&#8220;https:\/\/editor.picted.it\/sk\/onlineobraz\/fotokalendare\/?afp=onlineobraz&#8220; url_new_window=&#8220;on&#8220; image=&#8220;https:\/\/picted.it\/p\/onlineobraz\/wp-content\/uploads\/2023\/11\/onlineobraz-kalendare-hp-scaled.webp&#8220; _builder_version=&#8220;4.23&#8243; _module_preset=&#8220;default&#8220; header_font=&#8220;|600|||||||&#8220; header_text_align=&#8220;center&#8220; header_font_size=&#8220;36px&#8220; body_font_size=&#8220;16px&#8220; background_color=&#8220;rgba(255,255,255,0.62)&#8220; custom_margin=&#8220;||||false|false&#8220; custom_padding=&#8220;20px|20px|20px|20px|true|true&#8220; animation=&#8220;off&#8220; border_color_all=&#8220;#8A0C2F&#8220; box_shadow_style=&#8220;preset1&#8243; global_colors_info=&#8220;{}&#8220; transform_styles__hover_enabled=&#8220;on|hover&#8220; transform_scale__hover_enabled=&#8220;on|hover&#8220; transform_translate__hover_enabled=&#8220;on|desktop&#8220; transform_rotate__hover_enabled=&#8220;on|desktop&#8220; transform_skew__hover_enabled=&#8220;on|desktop&#8220; transform_origin__hover_enabled=&#8220;on|desktop&#8220; transform_scale__hover=&#8220;103%|103%&#8220; border_width_all__hover_enabled=&#8220;on|hover&#8220; border_width_all__hover=&#8220;2px&#8220;][\/et_pb_blurb][\/et_pb_column][et_pb_column type=&#8220;1_3&#8243; _builder_version=&#8220;4.22.2&#8243; _module_preset=&#8220;default&#8220; global_colors_info=&#8220;{}&#8220;][et_pb_blurb title=&#8220;Fotoobrazy&#8220; url=&#8220;https:\/\/picted.it\/p\/onlineobraz\/fotoobraz\/&#8220; image=&#8220;https:\/\/picted.it\/p\/onlineobraz\/wp-content\/uploads\/2023\/11\/onlineobraz-hp-scaled.webp&#8220; _builder_version=&#8220;4.23&#8243; _module_preset=&#8220;default&#8220; header_font=&#8220;|600|||||||&#8220; header_text_align=&#8220;center&#8220; header_font_size=&#8220;36px&#8220; body_font_size=&#8220;16px&#8220; background_color=&#8220;rgba(255,255,255,0.62)&#8220; custom_margin=&#8220;||||false|false&#8220; custom_padding=&#8220;20px|20px|20px|20px|true|true&#8220; animation=&#8220;off&#8220; border_color_all=&#8220;#8A0C2F&#8220; box_shadow_style=&#8220;preset1&#8243; global_colors_info=&#8220;{}&#8220; transform_styles__hover_enabled=&#8220;on|hover&#8220; transform_scale__hover_enabled=&#8220;on|hover&#8220; transform_translate__hover_enabled=&#8220;on|desktop&#8220; transform_rotate__hover_enabled=&#8220;on|desktop&#8220; transform_skew__hover_enabled=&#8220;on|desktop&#8220; transform_origin__hover_enabled=&#8220;on|desktop&#8220; transform_scale__hover=&#8220;103%|103%&#8220; border_width_all__hover_enabled=&#8220;on|hover&#8220; border_width_all__hover=&#8220;2px&#8220;][\/et_pb_blurb][\/et_pb_column][\/et_pb_row][\/et_pb_section]<\/p>\n","protected":false},"excerpt":{"rendered":"<p>Inform\u00e1cia o doru\u010den\u00ed do Vianoc. Pre objedn\u00e1vky prijat\u00e9 a uhraden\u00e9 do 06.12.2024 garantujeme doru\u010denie do Vianoc.\u00a0 Po tomto term\u00edne budeme objedn\u00e1vky expedova\u0165 do 19.12.2024, ale negarantujeme doru\u010denie do Vianoc.<\/p>\n","protected":false},"author":1,"featured_media":275,"parent":0,"menu_order":0,"comment_status":"closed","ping_status":"closed","template":"","meta":{"_et_pb_use_builder":"on","_et_pb_old_content":"","_et_gb_content_width":"","footnotes":""},"class_list":["post-2122","page","type-page","status-publish","has-post-thumbnail","hentry"],"yoast_head":"<!-- This site is optimized with the Yoast SEO Premium plugin v21.1 (Yoast SEO v26.8) - https:\/\/yoast.com\/product\/yoast-seo-premium-wordpress\/ -->\n<title>Home - Online Obraz<\/title>\n<meta name=\"robots\" content=\"index, follow, max-snippet:-1, max-image-preview:large, max-video-preview:-1\" \/>\n<link rel=\"canonical\" href=\"https:\/\/picted.it\/p\/onlineobraz\/\" \/>\n<meta property=\"og:locale\" content=\"sk_SK\" \/>\n<meta property=\"og:type\" content=\"article\" \/>\n<meta property=\"og:title\" content=\"Home\" \/>\n<meta property=\"og:description\" content=\"Inform\u00e1cia o doru\u010den\u00ed do Vianoc. Pre objedn\u00e1vky prijat\u00e9 a uhraden\u00e9 do 06.12.2024 garantujeme doru\u010denie do Vianoc.\u00a0 Po tomto term\u00edne budeme objedn\u00e1vky expedova\u0165 do 19.12.2024, ale negarantujeme doru\u010denie do Vianoc.\" \/>\n<meta property=\"og:url\" content=\"https:\/\/picted.it\/p\/onlineobraz\/\" \/>\n<meta property=\"og:site_name\" content=\"Online Obraz\" \/>\n<meta property=\"article:modified_time\" content=\"2025-09-15T12:19:31+00:00\" \/>\n<meta property=\"og:image\" content=\"https:\/\/picted.it\/p\/onlineobraz\/wp-content\/uploads\/2023\/07\/photobook-hardcover-square-wood-bg-400x900-2.webp\" \/>\n\t<meta property=\"og:image:width\" content=\"900\" \/>\n\t<meta property=\"og:image:height\" content=\"400\" \/>\n\t<meta property=\"og:image:type\" content=\"image\/webp\" \/>\n<meta name=\"twitter:card\" content=\"summary_large_image\" \/>\n<meta name=\"twitter:label1\" content=\"Predpokladan\u00fd \u010das \u010d\u00edtania\" \/>\n\t<meta name=\"twitter:data1\" content=\"1 min\u00fata\" \/>\n<script type=\"application\/ld+json\" class=\"yoast-schema-graph\">{\"@context\":\"https:\/\/schema.org\",\"@graph\":[{\"@type\":\"WebPage\",\"@id\":\"https:\/\/picted.it\/p\/onlineobraz\/\",\"url\":\"https:\/\/picted.it\/p\/onlineobraz\/\",\"name\":\"Home - Online Obraz\",\"isPartOf\":{\"@id\":\"https:\/\/picted.it\/p\/onlineobraz\/#website\"},\"primaryImageOfPage\":{\"@id\":\"https:\/\/picted.it\/p\/onlineobraz\/#primaryimage\"},\"image\":{\"@id\":\"https:\/\/picted.it\/p\/onlineobraz\/#primaryimage\"},\"thumbnailUrl\":\"https:\/\/picted.it\/p\/onlineobraz\/wp-content\/uploads\/2023\/07\/photobook-hardcover-square-wood-bg-400x900-2.webp\",\"datePublished\":\"2023-07-11T12:13:02+00:00\",\"dateModified\":\"2025-09-15T12:19:31+00:00\",\"breadcrumb\":{\"@id\":\"https:\/\/picted.it\/p\/onlineobraz\/#breadcrumb\"},\"inLanguage\":\"sk-SK\",\"potentialAction\":[{\"@type\":\"ReadAction\",\"target\":[\"https:\/\/picted.it\/p\/onlineobraz\/\"]}]},{\"@type\":\"ImageObject\",\"inLanguage\":\"sk-SK\",\"@id\":\"https:\/\/picted.it\/p\/onlineobraz\/#primaryimage\",\"url\":\"https:\/\/picted.it\/p\/onlineobraz\/wp-content\/uploads\/2023\/07\/photobook-hardcover-square-wood-bg-400x900-2.webp\",\"contentUrl\":\"https:\/\/picted.it\/p\/onlineobraz\/wp-content\/uploads\/2023\/07\/photobook-hardcover-square-wood-bg-400x900-2.webp\",\"width\":900,\"height\":400},{\"@type\":\"BreadcrumbList\",\"@id\":\"https:\/\/picted.it\/p\/onlineobraz\/#breadcrumb\",\"itemListElement\":[{\"@type\":\"ListItem\",\"position\":1,\"name\":\"Home\",\"item\":\"https:\/\/picted.it\/p\/onlineobraz\/\"},{\"@type\":\"ListItem\",\"position\":2,\"name\":\"Home\"}]},{\"@type\":\"WebSite\",\"@id\":\"https:\/\/picted.it\/p\/onlineobraz\/#website\",\"url\":\"https:\/\/picted.it\/p\/onlineobraz\/\",\"name\":\"Online Obraz\",\"description\":\"Fotoknihy - Fotoobrazy - Fotokalend\u00e1re\",\"publisher\":{\"@id\":\"https:\/\/picted.it\/p\/onlineobraz\/#organization\"},\"potentialAction\":[{\"@type\":\"SearchAction\",\"target\":{\"@type\":\"EntryPoint\",\"urlTemplate\":\"https:\/\/picted.it\/p\/onlineobraz\/?s={search_term_string}\"},\"query-input\":{\"@type\":\"PropertyValueSpecification\",\"valueRequired\":true,\"valueName\":\"search_term_string\"}}],\"inLanguage\":\"sk-SK\"},{\"@type\":\"Organization\",\"@id\":\"https:\/\/picted.it\/p\/onlineobraz\/#organization\",\"name\":\"Online Obraz\",\"url\":\"https:\/\/picted.it\/p\/onlineobraz\/\",\"logo\":{\"@type\":\"ImageObject\",\"inLanguage\":\"sk-SK\",\"@id\":\"https:\/\/picted.it\/p\/onlineobraz\/#\/schema\/logo\/image\/\",\"url\":\"https:\/\/picted.it\/p\/onlineobraz\/wp-content\/uploads\/2023\/10\/logo_small.png\",\"contentUrl\":\"https:\/\/picted.it\/p\/onlineobraz\/wp-content\/uploads\/2023\/10\/logo_small.png\",\"width\":300,\"height\":83,\"caption\":\"Online Obraz\"},\"image\":{\"@id\":\"https:\/\/picted.it\/p\/onlineobraz\/#\/schema\/logo\/image\/\"}}]}<\/script>\n<!-- \/ Yoast SEO Premium plugin. -->","yoast_head_json":{"title":"Home - Online Obraz","robots":{"index":"index","follow":"follow","max-snippet":"max-snippet:-1","max-image-preview":"max-image-preview:large","max-video-preview":"max-video-preview:-1"},"canonical":"https:\/\/picted.it\/p\/onlineobraz\/","og_locale":"sk_SK","og_type":"article","og_title":"Home","og_description":"Inform\u00e1cia o doru\u010den\u00ed do Vianoc. Pre objedn\u00e1vky prijat\u00e9 a uhraden\u00e9 do 06.12.2024 garantujeme doru\u010denie do Vianoc.\u00a0 Po tomto term\u00edne budeme objedn\u00e1vky expedova\u0165 do 19.12.2024, ale negarantujeme doru\u010denie do Vianoc.","og_url":"https:\/\/picted.it\/p\/onlineobraz\/","og_site_name":"Online Obraz","article_modified_time":"2025-09-15T12:19:31+00:00","og_image":[{"width":900,"height":400,"url":"https:\/\/picted.it\/p\/onlineobraz\/wp-content\/uploads\/2023\/07\/photobook-hardcover-square-wood-bg-400x900-2.webp","type":"image\/webp"}],"twitter_card":"summary_large_image","twitter_misc":{"Predpokladan\u00fd \u010das \u010d\u00edtania":"1 min\u00fata"},"schema":{"@context":"https:\/\/schema.org","@graph":[{"@type":"WebPage","@id":"https:\/\/picted.it\/p\/onlineobraz\/","url":"https:\/\/picted.it\/p\/onlineobraz\/","name":"Home - Online Obraz","isPartOf":{"@id":"https:\/\/picted.it\/p\/onlineobraz\/#website"},"primaryImageOfPage":{"@id":"https:\/\/picted.it\/p\/onlineobraz\/#primaryimage"},"image":{"@id":"https:\/\/picted.it\/p\/onlineobraz\/#primaryimage"},"thumbnailUrl":"https:\/\/picted.it\/p\/onlineobraz\/wp-content\/uploads\/2023\/07\/photobook-hardcover-square-wood-bg-400x900-2.webp","datePublished":"2023-07-11T12:13:02+00:00","dateModified":"2025-09-15T12:19:31+00:00","breadcrumb":{"@id":"https:\/\/picted.it\/p\/onlineobraz\/#breadcrumb"},"inLanguage":"sk-SK","potentialAction":[{"@type":"ReadAction","target":["https:\/\/picted.it\/p\/onlineobraz\/"]}]},{"@type":"ImageObject","inLanguage":"sk-SK","@id":"https:\/\/picted.it\/p\/onlineobraz\/#primaryimage","url":"https:\/\/picted.it\/p\/onlineobraz\/wp-content\/uploads\/2023\/07\/photobook-hardcover-square-wood-bg-400x900-2.webp","contentUrl":"https:\/\/picted.it\/p\/onlineobraz\/wp-content\/uploads\/2023\/07\/photobook-hardcover-square-wood-bg-400x900-2.webp","width":900,"height":400},{"@type":"BreadcrumbList","@id":"https:\/\/picted.it\/p\/onlineobraz\/#breadcrumb","itemListElement":[{"@type":"ListItem","position":1,"name":"Home","item":"https:\/\/picted.it\/p\/onlineobraz\/"},{"@type":"ListItem","position":2,"name":"Home"}]},{"@type":"WebSite","@id":"https:\/\/picted.it\/p\/onlineobraz\/#website","url":"https:\/\/picted.it\/p\/onlineobraz\/","name":"Online Obraz","description":"Fotoknihy - Fotoobrazy - Fotokalend\u00e1re","publisher":{"@id":"https:\/\/picted.it\/p\/onlineobraz\/#organization"},"potentialAction":[{"@type":"SearchAction","target":{"@type":"EntryPoint","urlTemplate":"https:\/\/picted.it\/p\/onlineobraz\/?s={search_term_string}"},"query-input":{"@type":"PropertyValueSpecification","valueRequired":true,"valueName":"search_term_string"}}],"inLanguage":"sk-SK"},{"@type":"Organization","@id":"https:\/\/picted.it\/p\/onlineobraz\/#organization","name":"Online Obraz","url":"https:\/\/picted.it\/p\/onlineobraz\/","logo":{"@type":"ImageObject","inLanguage":"sk-SK","@id":"https:\/\/picted.it\/p\/onlineobraz\/#\/schema\/logo\/image\/","url":"https:\/\/picted.it\/p\/onlineobraz\/wp-content\/uploads\/2023\/10\/logo_small.png","contentUrl":"https:\/\/picted.it\/p\/onlineobraz\/wp-content\/uploads\/2023\/10\/logo_small.png","width":300,"height":83,"caption":"Online Obraz"},"image":{"@id":"https:\/\/picted.it\/p\/onlineobraz\/#\/schema\/logo\/image\/"}}]}},"_links":{"self":[{"href":"https:\/\/picted.it\/p\/onlineobraz\/wp-json\/wp\/v2\/pages\/2122","targetHints":{"allow":["GET"]}}],"collection":[{"href":"https:\/\/picted.it\/p\/onlineobraz\/wp-json\/wp\/v2\/pages"}],"about":[{"href":"https:\/\/picted.it\/p\/onlineobraz\/wp-json\/wp\/v2\/types\/page"}],"author":[{"embeddable":true,"href":"https:\/\/picted.it\/p\/onlineobraz\/wp-json\/wp\/v2\/users\/1"}],"replies":[{"embeddable":true,"href":"https:\/\/picted.it\/p\/onlineobraz\/wp-json\/wp\/v2\/comments?post=2122"}],"version-history":[{"count":6,"href":"https:\/\/picted.it\/p\/onlineobraz\/wp-json\/wp\/v2\/pages\/2122\/revisions"}],"predecessor-version":[{"id":11517,"href":"https:\/\/picted.it\/p\/onlineobraz\/wp-json\/wp\/v2\/pages\/2122\/revisions\/11517"}],"wp:featuredmedia":[{"embeddable":true,"href":"https:\/\/picted.it\/p\/onlineobraz\/wp-json\/wp\/v2\/media\/275"}],"wp:attachment":[{"href":"https:\/\/picted.it\/p\/onlineobraz\/wp-json\/wp\/v2\/media?parent=2122"}],"curies":[{"name":"wp","href":"https:\/\/api.w.org\/{rel}","templated":true}]}}